{"id":1086,"date":"2016-07-12T20:07:36","date_gmt":"2016-07-12T18:07:36","guid":{"rendered":"http:\/\/www.kjellgunnaroveroye.no\/?page_id=1086"},"modified":"2025-10-29T11:29:20","modified_gmt":"2025-10-29T10:29:20","slug":"nyhende","status":"publish","type":"page","link":"https:\/\/www.kjellgunnaroveroye.no\/?page_id=1086&lang=nn","title":{"rendered":"Nytt"},"content":{"rendered":"<span class=\"image-fixer-wrapper\">\n<div style=\"height:20px\" aria-hidden=\"true\" class=\"wp-block-spacer\"><\/div>\n\n\n\n<p class=\"has-text-align-center\"><a href=\"https:\/\/nkim.no\/pop-up-kunsthandverk\"><strong>Nordenfjeldske Kunstindustrimuseum (NKIM) 4. oktober &#8211; 2. november 2025<\/strong><\/a><\/p>\n\n\n<div class=\"wp-block-image\">\n<figure class=\"aligncenter size-full\"><a href=\"https:\/\/nkim.no\/pop-up-kunsthandverk\"><img loading=\"lazy\" decoding=\"async\" width=\"670\" height=\"888\" src=\"http:\/\/www.kjellgunnaroveroye.no\/wp-content\/uploads\/2025\/09\/popuputstiling.png\" alt=\"\" class=\"wp-image-4390\" srcset=\"https:\/\/www.kjellgunnaroveroye.no\/wp-content\/uploads\/2025\/09\/popuputstiling.png 670w, https:\/\/www.kjellgunnaroveroye.no\/wp-content\/uploads\/2025\/09\/popuputstiling-226x300.png 226w\" sizes=\"auto, (max-width: 670px) 100vw, 670px\" \/><\/a><\/figure><\/div>\n\n<p style=\"text-align: left;\"><strong>NYTT<\/strong><\/p>\n<h6 style=\"text-align: center;\"><a href=\"https:\/\/nkim.no\/pop-up-kunsthandverk\">Nordenfjeldske Kunstindustrimuseum (NKIM) 4. oktober &#8211; 2. november 2025<\/a><\/h6>\n<p style=\"text-align: center;\"><a href=\"https:\/\/nkim.no\/pop-up-kunsthandverk\"><img loading=\"lazy\" decoding=\"async\" class=\"alignnone wp-image-4390 size-full\" src=\"http:\/\/www.kjellgunnaroveroye.no\/wp-content\/uploads\/2025\/09\/popuputstiling.png\" alt=\"\" width=\"670\" height=\"888\" srcset=\"https:\/\/www.kjellgunnaroveroye.no\/wp-content\/uploads\/2025\/09\/popuputstiling.png 670w, https:\/\/www.kjellgunnaroveroye.no\/wp-content\/uploads\/2025\/09\/popuputstiling-226x300.png 226w\" sizes=\"auto, (max-width: 670px) 100vw, 670px\" \/><\/a><\/p>\n<hr \/>\n<p><img loading=\"lazy\" decoding=\"async\" class=\"alignnone size-full wp-image-4385 aligncenter\" src=\"http:\/\/www.kjellgunnaroveroye.no\/wp-content\/uploads\/2025\/06\/berlihuset_sommarutstilling_plakat.pdf_page_1-e1750198388490.png\" alt=\"\" width=\"600\" height=\"848\" \/><\/p>\n<hr \/>\n<h6 style=\"text-align: center;\"><span style=\"color: #000080;\"><a style=\"color: #000080;\" href=\"https:\/\/misf.no\/sogn-kunstsenter\/opplevingar\/kjell-gunnar-overoeye-andre-landskap\"><strong>Sogn Kunstsenter &#8211;\u00a0<\/strong>Utstilling: &laquo;Andre landskap,&raquo; 16. juni &#8211; 24. september 2023<\/a><\/span><\/h6>\n<h5><img loading=\"lazy\" decoding=\"async\" class=\"alignnone size-full wp-image-3785\" src=\"http:\/\/www.kjellgunnaroveroye.no\/wp-content\/uploads\/2023\/05\/Andre-landskap.png\" alt=\"\" width=\"1266\" height=\"398\" srcset=\"https:\/\/www.kjellgunnaroveroye.no\/wp-content\/uploads\/2023\/05\/Andre-landskap.png 1266w, https:\/\/www.kjellgunnaroveroye.no\/wp-content\/uploads\/2023\/05\/Andre-landskap-300x94.png 300w, https:\/\/www.kjellgunnaroveroye.no\/wp-content\/uploads\/2023\/05\/Andre-landskap-768x241.png 768w\" sizes=\"auto, (max-width: 1266px) 100vw, 1266px\" \/><\/h5>\n<hr \/>\n<p style=\"text-align: center;\"><a href=\"https:\/\/mrkunst.no\/nb\/program\/utstillinger\/telluriske-krafter-og-astral-inspirasjon\"><strong>M\u00f8re og Romsdal Kunstsenter &#8211;<\/strong> Temautstilling 19. januar \u2014 26. februar 2023<\/a><\/p>\n<figure class=\"wp-block-image size-full\"><a href=\"https:\/\/www.kjellgunnaroveroye.no\/?page_id=2713&amp;lang=nn\" data-wp-editing=\"1\" data-wplink-edit=\"true\"><img loading=\"lazy\" decoding=\"async\" class=\"wp-image-2714 aligncenter\" src=\"https:\/\/www.kjellgunnaroveroye.no\/wp-content\/uploads\/2021\/09\/Dryss-2-.jpg\" alt=\"\" width=\"730\" height=\"788\" srcset=\"https:\/\/www.kjellgunnaroveroye.no\/wp-content\/uploads\/2021\/09\/Dryss-2-.jpg 730w, https:\/\/www.kjellgunnaroveroye.no\/wp-content\/uploads\/2021\/09\/Dryss-2--278x300.jpg 278w\" sizes=\"auto, (max-width: 730px) 100vw, 730px\" \/><\/a><\/figure>\n<p style=\"text-align: center;\"><small><span style=\"opacity: 0;\">Ths<\/span>KUNSTDOK\/Tor Simen Ulstein for Telemark kunstsenter<\/small><\/p>\n<hr \/>\n<p style=\"text-align: center;\"><strong>15.01.2023<\/strong> P\u00e5 grunn av krav om php 8.2 er nettstaden for tida under ombygging.<b><br \/><\/b><\/p>\n<hr \/>\n<p style=\"text-align: center;\"><b>DYREBARE TILSKUDD<\/b> \u2013 nyinnkj\u00f8pte kunstverk til museet si samling<\/p>\n<p style=\"text-align: center;\">Jugendstilsenteret og KUBE \u2013 \u00c5lesund 3.juni &#8211; 16. oktober 2022<\/p>\n<p style=\"text-align: center;\"><img loading=\"lazy\" decoding=\"async\" class=\"alignnone size-full wp-image-3800\" src=\"http:\/\/www.kjellgunnaroveroye.no\/wp-content\/uploads\/2024\/08\/2444eae1cbd46257bbac9a974c419a99c15d9420-2048x1536-2.webp\" alt=\"\" width=\"1920\" height=\"1440\" srcset=\"https:\/\/www.kjellgunnaroveroye.no\/wp-content\/uploads\/2024\/08\/2444eae1cbd46257bbac9a974c419a99c15d9420-2048x1536-2.webp 1920w, https:\/\/www.kjellgunnaroveroye.no\/wp-content\/uploads\/2024\/08\/2444eae1cbd46257bbac9a974c419a99c15d9420-2048x1536-2-300x225.webp 300w, https:\/\/www.kjellgunnaroveroye.no\/wp-content\/uploads\/2024\/08\/2444eae1cbd46257bbac9a974c419a99c15d9420-2048x1536-2-768x576.webp 768w, https:\/\/www.kjellgunnaroveroye.no\/wp-content\/uploads\/2024\/08\/2444eae1cbd46257bbac9a974c419a99c15d9420-2048x1536-2-1536x1152.webp 1536w\" sizes=\"auto, (max-width: 1920px) 100vw, 1920px\" \/><\/p>\n<hr \/>\n<p style=\"text-align: center;\"><strong>NKs <wbr \/>temautstilling<\/strong> <b><span style=\"color: #000000;\">SKOG\u00a0<wbr \/>under\u00a0<wbr \/>Greenlightdistrict\u00a0<wbr \/>2021<\/span><\/b><\/p>\n<p><div class=\"nv-iframe-embed\"><iframe loading=\"lazy\" title=\"Kjell Gunnar Over\u00f8ye   Dryss 2\" width=\"1200\" height=\"675\" src=\"https:\/\/www.youtube.com\/embed\/-L2E-mFpw8w?feature=oembed\" frameborder=\"0\" allow=\"accelerometer; autoplay; clipboard-write; encrypted-media; gyroscope; picture-in-picture; web-share\" referrerpolicy=\"strict-origin-when-cross-origin\" allowfullscreen><\/iframe><\/div><\/p>\n<p style=\"text-align: center;\">Video:\u00a0<wbr \/>TKS\u00a0<wbr \/>TV\/<wbr \/>Telemark\u00a0<wbr \/>kunstsenter\u00a0<wbr \/>2021<\/p>\n<p style=\"text-align: center;\"><a href=\"https:\/\/greenlightdistrict.no\/\"><img loading=\"lazy\" decoding=\"async\" class=\"alignnone wp-image-2745 size-full\" src=\"http:\/\/www.kjellgunnaroveroye.no\/wp-content\/uploads\/2021\/09\/Temautstillinga-2021.jpg\" alt=\"\" width=\"1052\" height=\"654\" srcset=\"https:\/\/www.kjellgunnaroveroye.no\/wp-content\/uploads\/2021\/09\/Temautstillinga-2021.jpg 1052w, https:\/\/www.kjellgunnaroveroye.no\/wp-content\/uploads\/2021\/09\/Temautstillinga-2021-300x187.jpg 300w, https:\/\/www.kjellgunnaroveroye.no\/wp-content\/uploads\/2021\/09\/Temautstillinga-2021-768x477.jpg 768w\" sizes=\"auto, (max-width: 1052px) 100vw, 1052px\" \/><\/a><\/p>\n<hr \/>\n<p style=\"text-align: center;\"><span style=\"color: #0000ff;\"><a style=\"color: #0000ff;\" href=\"https:\/\/www.nnkm.no\/nb\/nyheter\/se-%C3%A5pningen-av-%C3%A5rsutstillingen-her\">Norske Kunsth\u00e5ndverkeres \u00c5rsutstilling 2020 ved Nordnorsk Kunstmuseum i Troms\u00f8.<\/a><\/span><\/p>\n<p style=\"text-align: center;\"><img loading=\"lazy\" decoding=\"async\" class=\"alignnone wp-image-2285\" src=\"http:\/\/www.kjellgunnaroveroye.no\/wp-content\/uploads\/2020\/10\/Nordnorsk-Kunstmuseum-.png\" alt=\"\" width=\"600\" height=\"600\" srcset=\"https:\/\/www.kjellgunnaroveroye.no\/wp-content\/uploads\/2020\/10\/Nordnorsk-Kunstmuseum-.png 768w, https:\/\/www.kjellgunnaroveroye.no\/wp-content\/uploads\/2020\/10\/Nordnorsk-Kunstmuseum--300x300.png 300w, https:\/\/www.kjellgunnaroveroye.no\/wp-content\/uploads\/2020\/10\/Nordnorsk-Kunstmuseum--150x150.png 150w\" sizes=\"auto, (max-width: 600px) 100vw, 600px\" \/><\/p>\n<p style=\"text-align: center;\"><small>Norske Kunsth\u00e5ndverkeres \u00c5rsutstilling er den st\u00f8rste \u00e5rlege m\u00f8nstringa av norsk samtidskunsthandverk. \u00c5rsutstillinga blei f\u00f8rste gang vist i 1975, med open innsendingsrett og vert juryert av NKs nasjonale jury, med m\u00e5l om \u00e5 ta pulsen p\u00e5 dagens materialbaserte kunst. \u00c5rets utg\u00e5ve er den 43. i rekkja og blir vist fr\u00e5 17. oktober 2020 til 14. mars 2021. Utstillinga blir produsert av Norske Kunsth\u00e5ndverkere (NK) og er i \u00e5r arrangert i samarbeid med Nordnorsk Kunstmuseum.<\/small><\/p>\n<hr \/>\n<p style=\"text-align: center;\"><a href=\"http:\/\/www.kjellgunnaroveroye.no\/?page_id=1919&amp;lang=nn\" rel=\"noopener\"><img loading=\"lazy\" decoding=\"async\" class=\"aligncenter wp-image-1876 size-full\" src=\"http:\/\/www.kjellgunnaroveroye.no\/wp-content\/uploads\/2018\/07\/1.Installation-view2c-Kha\u030ak-Kunsthall2c-A\u030alesund2c-03.03-\u2013-31.03-20182c-photografer-P.-O.-Dybvik.jpg\" alt=\"\" width=\"1100\" height=\"723\" srcset=\"https:\/\/www.kjellgunnaroveroye.no\/wp-content\/uploads\/2018\/07\/1.Installation-view2c-Kha\u030ak-Kunsthall2c-A\u030alesund2c-03.03-\u2013-31.03-20182c-photografer-P.-O.-Dybvik.jpg 1100w, https:\/\/www.kjellgunnaroveroye.no\/wp-content\/uploads\/2018\/07\/1.Installation-view2c-Kha\u030ak-Kunsthall2c-A\u030alesund2c-03.03-\u2013-31.03-20182c-photografer-P.-O.-Dybvik-300x197.jpg 300w, https:\/\/www.kjellgunnaroveroye.no\/wp-content\/uploads\/2018\/07\/1.Installation-view2c-Kha\u030ak-Kunsthall2c-A\u030alesund2c-03.03-\u2013-31.03-20182c-photografer-P.-O.-Dybvik-768x505.jpg 768w, https:\/\/www.kjellgunnaroveroye.no\/wp-content\/uploads\/2018\/07\/1.Installation-view2c-Kha\u030ak-Kunsthall2c-A\u030alesund2c-03.03-\u2013-31.03-20182c-photografer-P.-O.-Dybvik-1024x673.jpg 1024w\" sizes=\"auto, (max-width: 1100px) 100vw, 1100px\" \/><\/a><small><span style=\"opacity: 0;\">Ths<\/span>Utstilling Kh\u00e5k Kunsthall, \u00c5lesund, 03.03. &#8211; 31.03. 2018, fotograf P. O. Dybvik<\/small><\/p>\n<hr \/>\n<p style=\"text-align: center;\"><small>Den 3.-31. mars 2018 skal eg ha ei utstilling i <u><a href=\"http:\/\/www.khaak.no\/\" target=\"_blank\" rel=\"noopener noreferrer\">Kh\u00e5k Kunsthall<\/a><\/u> i \u00c5lesund. Her i fullt arbeid p\u00e5 verkstaden fram mot dette.<\/small><br \/><img loading=\"lazy\" decoding=\"async\" class=\"bilete alignleft wp-image-1836\" src=\"http:\/\/www.kjellgunnaroveroye.no\/wp-content\/uploads\/2016\/07\/Fra\u030a-verkstaden.jpg\" alt=\"\" width=\"600\" height=\"725\" srcset=\"https:\/\/www.kjellgunnaroveroye.no\/wp-content\/uploads\/2016\/07\/Fra\u030a-verkstaden.jpg 1512w, https:\/\/www.kjellgunnaroveroye.no\/wp-content\/uploads\/2016\/07\/Fra\u030a-verkstaden-248x300.jpg 248w, https:\/\/www.kjellgunnaroveroye.no\/wp-content\/uploads\/2016\/07\/Fra\u030a-verkstaden-768x929.jpg 768w, https:\/\/www.kjellgunnaroveroye.no\/wp-content\/uploads\/2016\/07\/Fra\u030a-verkstaden-847x1024.jpg 847w\" sizes=\"auto, (max-width: 600px) 100vw, 600px\" \/><\/p>\n<hr \/>\n<p style=\"text-align: center;\"><b style=\"font-size: inherit;\">14.08.2016<\/b><\/p>\n<p style=\"text-align: center;\">D\u00e5 er nettstaden www.kjellgunnaroveroye.no oppe og g\u00e5r. Sj\u00e5 gjerne innom!<\/p>\n<p><img loading=\"lazy\" decoding=\"async\" class=\"aligncenter size-full wp-image-1456\" src=\"http:\/\/www.kjellgunnaroveroye.no\/wp-content\/uploads\/2016\/06\/Kvit-for-footer-force.jpg\" alt=\"Kvit for footer-force\" width=\"609\" height=\"401\" srcset=\"https:\/\/www.kjellgunnaroveroye.no\/wp-content\/uploads\/2016\/06\/Kvit-for-footer-force.jpg 609w, https:\/\/www.kjellgunnaroveroye.no\/wp-content\/uploads\/2016\/06\/Kvit-for-footer-force-300x198.jpg 300w\" sizes=\"auto, (max-width: 609px) 100vw, 609px\" \/><\/p>\n\n\n<p><\/p>\n<\/span>","protected":false},"excerpt":{"rendered":"<p>Nordenfjeldske Kunstindustrimuseum (NKIM) 4. oktober &#8211; 2. november 2025 NYTT Nordenfjeldske Kunstindustrimuseum (NKIM) 4. oktober &#8211; 2. november 2025 Sogn Kunstsenter &#8211;\u00a0Utstilling: &laquo;Andre landskap,&raquo; 16. juni &#8211; 24. september 2023 M\u00f8re og Romsdal Kunstsenter &#8211; Temautstilling 19. januar \u2014 26. februar 2023 ThsKUNSTDOK\/Tor Simen Ulstein for Telemark kunstsenter 15.01.2023 P\u00e5 grunn av krav om php&hellip;&nbsp;<a href=\"https:\/\/www.kjellgunnaroveroye.no\/?page_id=1086&#038;lang=nn\" class=\"\" rel=\"bookmark\">Les mer &raquo;<span class=\"screen-reader-text\">Nytt<\/span><\/a><\/p>\n","protected":false},"author":1,"featured_media":0,"parent":0,"menu_order":0,"comment_status":"closed","ping_status":"closed","template":"","meta":{"neve_meta_sidebar":"","neve_meta_container":"","neve_meta_enable_content_width":"","neve_meta_content_width":0,"neve_meta_title_alignment":"","neve_meta_author_avatar":"","neve_post_elements_order":"","neve_meta_disable_header":"","neve_meta_disable_footer":"","neve_meta_disable_title":"","footnotes":""},"class_list":["post-1086","page","type-page","status-publish","hentry"],"_links":{"self":[{"href":"https:\/\/www.kjellgunnaroveroye.no\/index.php?rest_route=\/wp\/v2\/pages\/1086","targetHints":{"allow":["GET"]}}],"collection":[{"href":"https:\/\/www.kjellgunnaroveroye.no\/index.php?rest_route=\/wp\/v2\/pages"}],"about":[{"href":"https:\/\/www.kjellgunnaroveroye.no\/index.php?rest_route=\/wp\/v2\/types\/page"}],"author":[{"embeddable":true,"href":"https:\/\/www.kjellgunnaroveroye.no\/index.php?rest_route=\/wp\/v2\/users\/1"}],"replies":[{"embeddable":true,"href":"https:\/\/www.kjellgunnaroveroye.no\/index.php?rest_route=%2Fwp%2Fv2%2Fcomments&post=1086"}],"version-history":[{"count":93,"href":"https:\/\/www.kjellgunnaroveroye.no\/index.php?rest_route=\/wp\/v2\/pages\/1086\/revisions"}],"predecessor-version":[{"id":4402,"href":"https:\/\/www.kjellgunnaroveroye.no\/index.php?rest_route=\/wp\/v2\/pages\/1086\/revisions\/4402"}],"wp:attachment":[{"href":"https:\/\/www.kjellgunnaroveroye.no\/index.php?rest_route=%2Fwp%2Fv2%2Fmedia&parent=1086"}],"curies":[{"name":"wp","href":"https:\/\/api.w.org\/{rel}","templated":true}]}}