{"id":1115,"date":"2016-07-12T21:03:37","date_gmt":"2016-07-12T19:03:37","guid":{"rendered":"http:\/\/www.kjellgunnaroveroye.no\/?page_id=1115"},"modified":"2021-09-16T23:54:34","modified_gmt":"2021-09-16T21:54:34","slug":"volda-sjukehuskabell","status":"publish","type":"page","link":"https:\/\/www.kjellgunnaroveroye.no\/?page_id=1115&lang=nn","title":{"rendered":"Volda sjukehuskabell"},"content":{"rendered":"<span class=\"image-fixer-wrapper\"><p>&nbsp;<\/p>\n<p><img loading=\"lazy\" decoding=\"async\" class=\"aligncenter wp-image-1121\" src=\"http:\/\/www.kjellgunnaroveroye.no\/wp-content\/uploads\/2016\/07\/Lysestake-2009-90-x-50-cm-hamra-massing-og-oljebrent-st\u00e5l-med-innlagt-s\u00f8lvtr\u00e5d.jpg\" alt=\"1. Volda sjukehuskapell - Lysestake, 2009, 90 x 50 cm, hamra massing og oljebrent st\u00e5l med innlagt s\u00f8lvtr\u00e5d\" width=\"547\" height=\"825\" srcset=\"https:\/\/www.kjellgunnaroveroye.no\/wp-content\/uploads\/2016\/07\/Lysestake-2009-90-x-50-cm-hamra-massing-og-oljebrent-st\u00e5l-med-innlagt-s\u00f8lvtr\u00e5d.jpg 730w, https:\/\/www.kjellgunnaroveroye.no\/wp-content\/uploads\/2016\/07\/Lysestake-2009-90-x-50-cm-hamra-massing-og-oljebrent-st\u00e5l-med-innlagt-s\u00f8lvtr\u00e5d-199x300.jpg 199w, https:\/\/www.kjellgunnaroveroye.no\/wp-content\/uploads\/2016\/07\/Lysestake-2009-90-x-50-cm-hamra-massing-og-oljebrent-st\u00e5l-med-innlagt-s\u00f8lvtr\u00e5d-679x1024.jpg 679w\" sizes=\"auto, (max-width: 547px) 100vw, 547px\" \/><\/p>\n<p>&nbsp;<\/p>\n<p><img loading=\"lazy\" decoding=\"async\" class=\"aligncenter size-full wp-image-1120\" src=\"http:\/\/www.kjellgunnaroveroye.no\/wp-content\/uploads\/2016\/07\/2.jpg\" alt=\"2. Volda sjukehuskapell - Lysestake, 2009, 90 x 50 cm, hamra massing og oljebrent st\u00e5l med innlagt s\u00f8lvtr\u00e5d\" width=\"883\" height=\"768\" srcset=\"https:\/\/www.kjellgunnaroveroye.no\/wp-content\/uploads\/2016\/07\/2.jpg 883w, https:\/\/www.kjellgunnaroveroye.no\/wp-content\/uploads\/2016\/07\/2-300x261.jpg 300w, https:\/\/www.kjellgunnaroveroye.no\/wp-content\/uploads\/2016\/07\/2-768x668.jpg 768w\" sizes=\"auto, (max-width: 883px) 100vw, 883px\" \/><\/p>\n<p>&nbsp;<\/p>\n<p><img loading=\"lazy\" decoding=\"async\" class=\"aligncenter size-full wp-image-1119\" src=\"http:\/\/www.kjellgunnaroveroye.no\/wp-content\/uploads\/2016\/07\/2-2.jpg\" alt=\"3. Volda sjukehuskapell - Lysestake, 2009, 90 x 50 cm, hamra massing og oljebrent st\u00e5l med innlagt s\u00f8lvtr\u00e5d\" width=\"485\" height=\"768\" srcset=\"https:\/\/www.kjellgunnaroveroye.no\/wp-content\/uploads\/2016\/07\/2-2.jpg 485w, https:\/\/www.kjellgunnaroveroye.no\/wp-content\/uploads\/2016\/07\/2-2-189x300.jpg 189w\" sizes=\"auto, (max-width: 485px) 100vw, 485px\" \/><\/p>\n<\/span>","protected":false},"excerpt":{"rendered":"<p>&nbsp; &nbsp; &nbsp;<\/p>\n","protected":false},"author":1,"featured_media":0,"parent":531,"menu_order":0,"comment_status":"closed","ping_status":"closed","template":"","meta":{"neve_meta_sidebar":"","neve_meta_container":"","neve_meta_enable_content_width":"","neve_meta_content_width":0,"neve_meta_title_alignment":"","neve_meta_author_avatar":"","neve_post_elements_order":"","neve_meta_disable_header":"","neve_meta_disable_footer":"","neve_meta_disable_title":"","footnotes":""},"class_list":["post-1115","page","type-page","status-publish","hentry"],"_links":{"self":[{"href":"https:\/\/www.kjellgunnaroveroye.no\/index.php?rest_route=\/wp\/v2\/pages\/1115","targetHints":{"allow":["GET"]}}],"collection":[{"href":"https:\/\/www.kjellgunnaroveroye.no\/index.php?rest_route=\/wp\/v2\/pages"}],"about":[{"href":"https:\/\/www.kjellgunnaroveroye.no\/index.php?rest_route=\/wp\/v2\/types\/page"}],"author":[{"embeddable":true,"href":"https:\/\/www.kjellgunnaroveroye.no\/index.php?rest_route=\/wp\/v2\/users\/1"}],"replies":[{"embeddable":true,"href":"https:\/\/www.kjellgunnaroveroye.no\/index.php?rest_route=%2Fwp%2Fv2%2Fcomments&post=1115"}],"version-history":[{"count":2,"href":"https:\/\/www.kjellgunnaroveroye.no\/index.php?rest_route=\/wp\/v2\/pages\/1115\/revisions"}],"predecessor-version":[{"id":2777,"href":"https:\/\/www.kjellgunnaroveroye.no\/index.php?rest_route=\/wp\/v2\/pages\/1115\/revisions\/2777"}],"up":[{"embeddable":true,"href":"https:\/\/www.kjellgunnaroveroye.no\/index.php?rest_route=\/wp\/v2\/pages\/531"}],"wp:attachment":[{"href":"https:\/\/www.kjellgunnaroveroye.no\/index.php?rest_route=%2Fwp%2Fv2%2Fmedia&parent=1115"}],"curies":[{"name":"wp","href":"https:\/\/api.w.org\/{rel}","templated":true}]}}