{"id":1206,"date":"2016-07-13T08:42:46","date_gmt":"2016-07-13T06:42:46","guid":{"rendered":"http:\/\/www.kjellgunnaroveroye.no\/?page_id=1206"},"modified":"2023-04-27T23:48:47","modified_gmt":"2023-04-27T21:48:47","slug":"latenza","status":"publish","type":"page","link":"https:\/\/www.kjellgunnaroveroye.no\/?page_id=1206&lang=nn","title":{"rendered":"Latenza"},"content":{"rendered":"<span class=\"image-fixer-wrapper\">\n<div style=\"height:40px\" aria-hidden=\"true\" class=\"wp-block-spacer\"><\/div>\n\n\n\n<div class=\"wp-block-columns is-layout-flex wp-container-core-columns-is-layout-9d6595d7 wp-block-columns-is-layout-flex\">\n<div class=\"wp-block-column is-layout-flow wp-block-column-is-layout-flow\" style=\"flex-basis:66.66%\">\n<figure class=\"wp-block-image size-large is-resized\"><img loading=\"lazy\" decoding=\"async\" src=\"http:\/\/www.kjellgunnaroveroye.no\/wp-content\/uploads\/2016\/07\/2-7-1022x1024.jpg\" alt=\"2.Latenza, 2014, 24 x 24 x 2 cm, oljebrent og anl\u00f8pt st\u00e5l med innlagt s\u00f8lvtr\u00e5d\" class=\"wp-image-1207\" width=\"760\" height=\"760\" srcset=\"https:\/\/www.kjellgunnaroveroye.no\/wp-content\/uploads\/2016\/07\/2-7-1022x1024.jpg 1022w, https:\/\/www.kjellgunnaroveroye.no\/wp-content\/uploads\/2016\/07\/2-7-150x150.jpg 150w, https:\/\/www.kjellgunnaroveroye.no\/wp-content\/uploads\/2016\/07\/2-7-300x300.jpg 300w\" sizes=\"auto, (max-width: 760px) 100vw, 760px\" \/><\/figure>\n\n\n\n<div style=\"height:90px\" aria-hidden=\"true\" class=\"wp-block-spacer\"><\/div>\n\n\n\n<figure class=\"wp-block-image size-large is-resized\"><img decoding=\"async\" src=\"http:\/\/www.kjellgunnaroveroye.no\/wp-content\/uploads\/2016\/07\/1.Latenza-2014-24-x-24-x-2-cm-oljebrent-og-anl\u00f8pt-st\u00e5l-med-innlagt-s\u00f8lvtr\u00e5d-1024x567.jpg\" alt=\"1.Latenza, 2014, 24 x 24 x 2 cm, oljebrent og anl\u00f8pt st\u00e5l med innlagt s\u00f8lvtr\u00e5d\" class=\"wp-image-1208\" width=\"760\" srcset=\"https:\/\/www.kjellgunnaroveroye.no\/wp-content\/uploads\/2016\/07\/1.Latenza-2014-24-x-24-x-2-cm-oljebrent-og-anl\u00f8pt-st\u00e5l-med-innlagt-s\u00f8lvtr\u00e5d-1024x567.jpg 1024w, https:\/\/www.kjellgunnaroveroye.no\/wp-content\/uploads\/2016\/07\/1.Latenza-2014-24-x-24-x-2-cm-oljebrent-og-anl\u00f8pt-st\u00e5l-med-innlagt-s\u00f8lvtr\u00e5d-300x166.jpg 300w, https:\/\/www.kjellgunnaroveroye.no\/wp-content\/uploads\/2016\/07\/1.Latenza-2014-24-x-24-x-2-cm-oljebrent-og-anl\u00f8pt-st\u00e5l-med-innlagt-s\u00f8lvtr\u00e5d-768x425.jpg 768w\" sizes=\"(max-width: 1024px) 100vw, 1024px\" \/><\/figure>\n<\/div>\n\n\n\n<div class=\"wp-block-column is-layout-flow wp-block-column-is-layout-flow\" style=\"flex-basis:33.33%\">\n<p><strong>Latenza <\/strong>&#8211; 2014<\/p>\n\n\n\n<p>24 x 49,5 x 2 cm<\/p>\n\n\n\n<p>Oljebrent og anl\u00f8pt st\u00e5l med innlagt s\u00f8lvtr\u00e5d<\/p>\n\n\n\n<p style=\"text-align:left;font-size:20px;\">\n<a href=\"?page_id=1193&amp;lang=nn\" class=\"next\"><span>\u2190<\/span><\/a>\n&nbsp;&nbsp;&nbsp;&nbsp;&nbsp;&nbsp;\n<a href=\"?page_id=1212&amp;lang=nn\" class=\"next\"><span>\u2192<\/span><\/a><\/p>\n<\/div>\n<\/div>\n\n\n\n<div style=\"height:40px\" aria-hidden=\"true\" class=\"wp-block-spacer\"><\/div>\n<\/span>","protected":false},"excerpt":{"rendered":"<p>Latenza &#8211; 2014 24 x 49,5 x 2 cm Oljebrent og anl\u00f8pt st\u00e5l med innlagt s\u00f8lvtr\u00e5d \u2190 &nbsp;&nbsp;&nbsp;&nbsp;&nbsp;&nbsp; \u2192<\/p>\n","protected":false},"author":1,"featured_media":0,"parent":1082,"menu_order":0,"comment_status":"closed","ping_status":"closed","template":"","meta":{"neve_meta_sidebar":"","neve_meta_container":"","neve_meta_enable_content_width":"","neve_meta_content_width":0,"neve_meta_title_alignment":"","neve_meta_author_avatar":"","neve_post_elements_order":"","neve_meta_disable_header":"","neve_meta_disable_footer":"","neve_meta_disable_title":"","footnotes":""},"class_list":["post-1206","page","type-page","status-publish","hentry"],"_links":{"self":[{"href":"https:\/\/www.kjellgunnaroveroye.no\/index.php?rest_route=\/wp\/v2\/pages\/1206","targetHints":{"allow":["GET"]}}],"collection":[{"href":"https:\/\/www.kjellgunnaroveroye.no\/index.php?rest_route=\/wp\/v2\/pages"}],"about":[{"href":"https:\/\/www.kjellgunnaroveroye.no\/index.php?rest_route=\/wp\/v2\/types\/page"}],"author":[{"embeddable":true,"href":"https:\/\/www.kjellgunnaroveroye.no\/index.php?rest_route=\/wp\/v2\/users\/1"}],"replies":[{"embeddable":true,"href":"https:\/\/www.kjellgunnaroveroye.no\/index.php?rest_route=%2Fwp%2Fv2%2Fcomments&post=1206"}],"version-history":[{"count":13,"href":"https:\/\/www.kjellgunnaroveroye.no\/index.php?rest_route=\/wp\/v2\/pages\/1206\/revisions"}],"predecessor-version":[{"id":3714,"href":"https:\/\/www.kjellgunnaroveroye.no\/index.php?rest_route=\/wp\/v2\/pages\/1206\/revisions\/3714"}],"up":[{"embeddable":true,"href":"https:\/\/www.kjellgunnaroveroye.no\/index.php?rest_route=\/wp\/v2\/pages\/1082"}],"wp:attachment":[{"href":"https:\/\/www.kjellgunnaroveroye.no\/index.php?rest_route=%2Fwp%2Fv2%2Fmedia&parent=1206"}],"curies":[{"name":"wp","href":"https:\/\/api.w.org\/{rel}","templated":true}]}}