{"id":1258,"date":"2016-07-13T09:12:41","date_gmt":"2016-07-13T07:12:41","guid":{"rendered":"http:\/\/www.kjellgunnaroveroye.no\/?page_id=1258"},"modified":"2024-08-05T01:35:49","modified_gmt":"2024-08-04T23:35:49","slug":"square-form-1","status":"publish","type":"page","link":"https:\/\/www.kjellgunnaroveroye.no\/?page_id=1258&lang=en","title":{"rendered":"Untitled, Square form 1"},"content":{"rendered":"<span class=\"image-fixer-wrapper\">\n<div style=\"height:40px\" aria-hidden=\"true\" class=\"wp-block-spacer\"><\/div>\n\n\n\n<div class=\"wp-block-columns is-layout-flex wp-container-core-columns-is-layout-9d6595d7 wp-block-columns-is-layout-flex\">\n<div class=\"wp-block-column is-layout-flow wp-block-column-is-layout-flow\" style=\"flex-basis:66.66%\">\n<figure class=\"wp-block-image size-large\"><img loading=\"lazy\" decoding=\"async\" width=\"1024\" height=\"1024\" src=\"http:\/\/www.kjellgunnaroveroye.no\/wp-content\/uploads\/2016\/07\/3.Firkanta-form-1-2010-30-x-30-x-2-cm-oljebrent-og-anl\u00f8pt-st\u00e5l-med-innlagt-s\u00f8lvtr\u00e5d-1024x1024.jpg\" alt=\"3.Firkanta form 1, 2010, 30 x 30 x 2 cm, oljebrent og anl\u00f8pt st\u00e5l med innlagt s\u00f8lvtr\u00e5d\" class=\"wp-image-1236\" srcset=\"https:\/\/www.kjellgunnaroveroye.no\/wp-content\/uploads\/2016\/07\/3.Firkanta-form-1-2010-30-x-30-x-2-cm-oljebrent-og-anl\u00f8pt-st\u00e5l-med-innlagt-s\u00f8lvtr\u00e5d-1024x1024.jpg 1024w, https:\/\/www.kjellgunnaroveroye.no\/wp-content\/uploads\/2016\/07\/3.Firkanta-form-1-2010-30-x-30-x-2-cm-oljebrent-og-anl\u00f8pt-st\u00e5l-med-innlagt-s\u00f8lvtr\u00e5d-150x150.jpg 150w, https:\/\/www.kjellgunnaroveroye.no\/wp-content\/uploads\/2016\/07\/3.Firkanta-form-1-2010-30-x-30-x-2-cm-oljebrent-og-anl\u00f8pt-st\u00e5l-med-innlagt-s\u00f8lvtr\u00e5d-300x300.jpg 300w, https:\/\/www.kjellgunnaroveroye.no\/wp-content\/uploads\/2016\/07\/3.Firkanta-form-1-2010-30-x-30-x-2-cm-oljebrent-og-anl\u00f8pt-st\u00e5l-med-innlagt-s\u00f8lvtr\u00e5d-768x768.jpg 768w, https:\/\/www.kjellgunnaroveroye.no\/wp-content\/uploads\/2016\/07\/3.Firkanta-form-1-2010-30-x-30-x-2-cm-oljebrent-og-anl\u00f8pt-st\u00e5l-med-innlagt-s\u00f8lvtr\u00e5d.jpg 1800w\" sizes=\"auto, (max-width: 1024px) 100vw, 1024px\" \/><\/figure>\n<\/div>\n\n\n\n<div class=\"wp-block-column is-layout-flow wp-block-column-is-layout-flow\" style=\"flex-basis:33.33%\">\n<p><strong>Untitled<\/strong> &#8211; 2010<\/p>\n\n\n\n<p>30 x 30 x 2 cm<\/p>\n\n\n\n<p>Oil blackened and heat coloured steel with silver Damascene inlay<\/p>\n\n\n\n<p style=\"text-align:left;font-size:20px;\">\n<a href=\"?page_id=1254&amp;lang=nn\" class=\"next\"><span>\u2190<\/span><\/a>\n&nbsp;&nbsp;&nbsp;&nbsp;&nbsp;&nbsp;\n<a href=\"?page_id=1262&amp;lang=nn\" class=\"next\"><span>\u2192<\/span><\/a><\/p>\n<\/div>\n<\/div>\n\n\n\n<div style=\"height:40px\" aria-hidden=\"true\" class=\"wp-block-spacer\"><\/div>\n<\/span>","protected":false},"excerpt":{"rendered":"<p>Untitled &#8211; 2010 30 x 30 x 2 cm Oil blackened and heat coloured steel with silver Damascene inlay \u2190 &nbsp;&nbsp;&nbsp;&nbsp;&nbsp;&nbsp; \u2192<\/p>\n","protected":false},"author":1,"featured_media":0,"parent":1084,"menu_order":0,"comment_status":"closed","ping_status":"closed","template":"","meta":{"neve_meta_sidebar":"","neve_meta_container":"","neve_meta_enable_content_width":"","neve_meta_content_width":0,"neve_meta_title_alignment":"","neve_meta_author_avatar":"","neve_post_elements_order":"","neve_meta_disable_header":"","neve_meta_disable_footer":"","neve_meta_disable_title":"","footnotes":""},"class_list":["post-1258","page","type-page","status-publish","hentry"],"_links":{"self":[{"href":"https:\/\/www.kjellgunnaroveroye.no\/index.php?rest_route=\/wp\/v2\/pages\/1258","targetHints":{"allow":["GET"]}}],"collection":[{"href":"https:\/\/www.kjellgunnaroveroye.no\/index.php?rest_route=\/wp\/v2\/pages"}],"about":[{"href":"https:\/\/www.kjellgunnaroveroye.no\/index.php?rest_route=\/wp\/v2\/types\/page"}],"author":[{"embeddable":true,"href":"https:\/\/www.kjellgunnaroveroye.no\/index.php?rest_route=\/wp\/v2\/users\/1"}],"replies":[{"embeddable":true,"href":"https:\/\/www.kjellgunnaroveroye.no\/index.php?rest_route=%2Fwp%2Fv2%2Fcomments&post=1258"}],"version-history":[{"count":7,"href":"https:\/\/www.kjellgunnaroveroye.no\/index.php?rest_route=\/wp\/v2\/pages\/1258\/revisions"}],"predecessor-version":[{"id":3895,"href":"https:\/\/www.kjellgunnaroveroye.no\/index.php?rest_route=\/wp\/v2\/pages\/1258\/revisions\/3895"}],"up":[{"embeddable":true,"href":"https:\/\/www.kjellgunnaroveroye.no\/index.php?rest_route=\/wp\/v2\/pages\/1084"}],"wp:attachment":[{"href":"https:\/\/www.kjellgunnaroveroye.no\/index.php?rest_route=%2Fwp%2Fv2%2Fmedia&parent=1258"}],"curies":[{"name":"wp","href":"https:\/\/api.w.org\/{rel}","templated":true}]}}