{"id":1266,"date":"2016-07-13T09:15:00","date_gmt":"2016-07-13T07:15:00","guid":{"rendered":"http:\/\/www.kjellgunnaroveroye.no\/?page_id=1266"},"modified":"2024-08-05T01:38:23","modified_gmt":"2024-08-04T23:38:23","slug":"round-form","status":"publish","type":"page","link":"https:\/\/www.kjellgunnaroveroye.no\/?page_id=1266&lang=en","title":{"rendered":"Untitled, round form"},"content":{"rendered":"<span class=\"image-fixer-wrapper\">\n<div style=\"height:40px\" aria-hidden=\"true\" class=\"wp-block-spacer\"><\/div>\n\n\n\n<div class=\"wp-block-columns is-layout-flex wp-container-core-columns-is-layout-9d6595d7 wp-block-columns-is-layout-flex\">\n<div class=\"wp-block-column is-layout-flow wp-block-column-is-layout-flow\" style=\"flex-basis:66.66%\">\n<figure class=\"wp-block-image size-full\"><img loading=\"lazy\" decoding=\"async\" width=\"768\" height=\"768\" src=\"http:\/\/www.kjellgunnaroveroye.no\/wp-content\/uploads\/2016\/07\/5.Rund-form-2010-33-x-2-cm-oljebrent-og-anl\u00f8pt-st\u00e5l-med-innlagt-s\u00f8lvtr\u00e5d.jpg\" alt=\"5.Rund form, 2010, 33 x 2 cm, oljebrent og anl\u00f8pt st\u00e5l med innlagt s\u00f8lvtr\u00e5d\" class=\"wp-image-1233\" srcset=\"https:\/\/www.kjellgunnaroveroye.no\/wp-content\/uploads\/2016\/07\/5.Rund-form-2010-33-x-2-cm-oljebrent-og-anl\u00f8pt-st\u00e5l-med-innlagt-s\u00f8lvtr\u00e5d.jpg 768w, https:\/\/www.kjellgunnaroveroye.no\/wp-content\/uploads\/2016\/07\/5.Rund-form-2010-33-x-2-cm-oljebrent-og-anl\u00f8pt-st\u00e5l-med-innlagt-s\u00f8lvtr\u00e5d-150x150.jpg 150w, https:\/\/www.kjellgunnaroveroye.no\/wp-content\/uploads\/2016\/07\/5.Rund-form-2010-33-x-2-cm-oljebrent-og-anl\u00f8pt-st\u00e5l-med-innlagt-s\u00f8lvtr\u00e5d-300x300.jpg 300w\" sizes=\"auto, (max-width: 768px) 100vw, 768px\" \/><\/figure>\n<\/div>\n\n\n\n<div class=\"wp-block-column is-layout-flow wp-block-column-is-layout-flow\" style=\"flex-basis:33.33%\">\n<p><strong>Untitled<\/strong> &#8211; 2010<\/p>\n\n\n\n<p>33 x 2 cm<\/p>\n\n\n\n<p>Oil blackened and heat coloured steel with silver Damascene inlay<\/p>\n\n\n\n<p style=\"text-align:left;font-size:20px;\">\n<a href=\"?page_id=1262&amp;lang=nn\" class=\"next\"><span>\u2190<\/span><\/a>\n&nbsp;&nbsp;&nbsp;&nbsp;&nbsp;&nbsp;\n<a href=\"?page_id=1273&amp;lang=nn\" class=\"next\"><span>\u2192<\/span><\/a><\/p>\n<\/div>\n<\/div>\n\n\n\n<div style=\"height:40px\" aria-hidden=\"true\" class=\"wp-block-spacer\"><\/div>\n<\/span>","protected":false},"excerpt":{"rendered":"<p>Untitled &#8211; 2010 33 x 2 cm Oil blackened and heat coloured steel with silver Damascene inlay \u2190 &nbsp;&nbsp;&nbsp;&nbsp;&nbsp;&nbsp; \u2192<\/p>\n","protected":false},"author":1,"featured_media":0,"parent":1084,"menu_order":0,"comment_status":"closed","ping_status":"closed","template":"","meta":{"neve_meta_sidebar":"","neve_meta_container":"","neve_meta_enable_content_width":"","neve_meta_content_width":0,"neve_meta_title_alignment":"","neve_meta_author_avatar":"","neve_post_elements_order":"","neve_meta_disable_header":"","neve_meta_disable_footer":"","neve_meta_disable_title":"","footnotes":""},"class_list":["post-1266","page","type-page","status-publish","hentry"],"_links":{"self":[{"href":"https:\/\/www.kjellgunnaroveroye.no\/index.php?rest_route=\/wp\/v2\/pages\/1266","targetHints":{"allow":["GET"]}}],"collection":[{"href":"https:\/\/www.kjellgunnaroveroye.no\/index.php?rest_route=\/wp\/v2\/pages"}],"about":[{"href":"https:\/\/www.kjellgunnaroveroye.no\/index.php?rest_route=\/wp\/v2\/types\/page"}],"author":[{"embeddable":true,"href":"https:\/\/www.kjellgunnaroveroye.no\/index.php?rest_route=\/wp\/v2\/users\/1"}],"replies":[{"embeddable":true,"href":"https:\/\/www.kjellgunnaroveroye.no\/index.php?rest_route=%2Fwp%2Fv2%2Fcomments&post=1266"}],"version-history":[{"count":5,"href":"https:\/\/www.kjellgunnaroveroye.no\/index.php?rest_route=\/wp\/v2\/pages\/1266\/revisions"}],"predecessor-version":[{"id":3899,"href":"https:\/\/www.kjellgunnaroveroye.no\/index.php?rest_route=\/wp\/v2\/pages\/1266\/revisions\/3899"}],"up":[{"embeddable":true,"href":"https:\/\/www.kjellgunnaroveroye.no\/index.php?rest_route=\/wp\/v2\/pages\/1084"}],"wp:attachment":[{"href":"https:\/\/www.kjellgunnaroveroye.no\/index.php?rest_route=%2Fwp%2Fv2%2Fmedia&parent=1266"}],"curies":[{"name":"wp","href":"https:\/\/api.w.org\/{rel}","templated":true}]}}