{"id":1610,"date":"2016-08-14T16:35:10","date_gmt":"2016-08-14T14:35:10","guid":{"rendered":"http:\/\/www.kjellgunnaroveroye.no\/?page_id=1610"},"modified":"2023-05-28T15:22:35","modified_gmt":"2023-05-28T13:22:35","slug":"utan-tittel-1","status":"publish","type":"page","link":"https:\/\/www.kjellgunnaroveroye.no\/?page_id=1610&lang=nn","title":{"rendered":"Utan tittel 1"},"content":{"rendered":"<span class=\"image-fixer-wrapper\">\n<div style=\"height:40px\" aria-hidden=\"true\" class=\"wp-block-spacer\"><\/div>\n\n\n\n<div class=\"wp-block-columns is-layout-flex wp-container-core-columns-is-layout-9d6595d7 wp-block-columns-is-layout-flex\">\n<div class=\"wp-block-column is-layout-flow wp-block-column-is-layout-flow\" style=\"flex-basis:66.66%\"><div class=\"wp-block-image\">\n<figure class=\"aligncenter size-full\"><img loading=\"lazy\" decoding=\"async\" width=\"252\" height=\"768\" src=\"http:\/\/www.kjellgunnaroveroye.no\/wp-content\/uploads\/2016\/08\/4.Utan-tittel-1-2000-50-x-12-x-1-cm-slipt-og-anloept-staal-med-innlagt-massingtraad.jpg\" alt=\"\" class=\"wp-image-1611\" srcset=\"https:\/\/www.kjellgunnaroveroye.no\/wp-content\/uploads\/2016\/08\/4.Utan-tittel-1-2000-50-x-12-x-1-cm-slipt-og-anloept-staal-med-innlagt-massingtraad.jpg 252w, https:\/\/www.kjellgunnaroveroye.no\/wp-content\/uploads\/2016\/08\/4.Utan-tittel-1-2000-50-x-12-x-1-cm-slipt-og-anloept-staal-med-innlagt-massingtraad-98x300.jpg 98w\" sizes=\"auto, (max-width: 252px) 100vw, 252px\" \/><\/figure><\/div>\n\n\n<div style=\"height:90px\" aria-hidden=\"true\" class=\"wp-block-spacer\"><\/div>\n\n\n<div class=\"wp-block-image\">\n<figure class=\"aligncenter size-full\"><img loading=\"lazy\" decoding=\"async\" width=\"673\" height=\"674\" src=\"http:\/\/www.kjellgunnaroveroye.no\/wp-content\/uploads\/2016\/08\/Utsnitt-gr-8-bilde-4.jpg\" alt=\"\" class=\"wp-image-1706\" srcset=\"https:\/\/www.kjellgunnaroveroye.no\/wp-content\/uploads\/2016\/08\/Utsnitt-gr-8-bilde-4.jpg 673w, https:\/\/www.kjellgunnaroveroye.no\/wp-content\/uploads\/2016\/08\/Utsnitt-gr-8-bilde-4-150x150.jpg 150w, https:\/\/www.kjellgunnaroveroye.no\/wp-content\/uploads\/2016\/08\/Utsnitt-gr-8-bilde-4-300x300.jpg 300w\" sizes=\"auto, (max-width: 673px) 100vw, 673px\" \/><\/figure><\/div><\/div>\n\n\n\n<div class=\"wp-block-column is-layout-flow wp-block-column-is-layout-flow\" style=\"flex-basis:33.33%\">\n<p><strong>Utan tittel<\/strong> &#8211; 2000<\/p>\n\n\n\n<p>50 x 12 x 1 cm<\/p>\n\n\n\n<p>Slipt og anl\u00f8pt st\u00e5l med innlagt massingtr\u00e5d<\/p>\n\n\n\n<p style=\"text-align:left;font-size:20px;\">\n<a href=\"?page_id=1601&amp;lang=nn\" class=\"next\"><span>\u2190<\/span><\/a>\n&nbsp;&nbsp;&nbsp;&nbsp;&nbsp;&nbsp;\n<a href=\"?page_id=1616&amp;lang=nn\" class=\"next\"><span>\u2192<\/span><\/a><\/p>\n<\/div>\n<\/div>\n\n\n\n<div style=\"height:40px\" aria-hidden=\"true\" class=\"wp-block-spacer\"><\/div>\n<\/span>","protected":false},"excerpt":{"rendered":"<p>Utan tittel &#8211; 2000 50 x 12 x 1 cm Slipt og anl\u00f8pt st\u00e5l med innlagt massingtr\u00e5d \u2190 &nbsp;&nbsp;&nbsp;&nbsp;&nbsp;&nbsp; \u2192<\/p>\n","protected":false},"author":1,"featured_media":0,"parent":1546,"menu_order":0,"comment_status":"closed","ping_status":"closed","template":"","meta":{"neve_meta_sidebar":"","neve_meta_container":"","neve_meta_enable_content_width":"","neve_meta_content_width":0,"neve_meta_title_alignment":"","neve_meta_author_avatar":"","neve_post_elements_order":"","neve_meta_disable_header":"","neve_meta_disable_footer":"","neve_meta_disable_title":"","footnotes":""},"class_list":["post-1610","page","type-page","status-publish","hentry"],"_links":{"self":[{"href":"https:\/\/www.kjellgunnaroveroye.no\/index.php?rest_route=\/wp\/v2\/pages\/1610","targetHints":{"allow":["GET"]}}],"collection":[{"href":"https:\/\/www.kjellgunnaroveroye.no\/index.php?rest_route=\/wp\/v2\/pages"}],"about":[{"href":"https:\/\/www.kjellgunnaroveroye.no\/index.php?rest_route=\/wp\/v2\/types\/page"}],"author":[{"embeddable":true,"href":"https:\/\/www.kjellgunnaroveroye.no\/index.php?rest_route=\/wp\/v2\/users\/1"}],"replies":[{"embeddable":true,"href":"https:\/\/www.kjellgunnaroveroye.no\/index.php?rest_route=%2Fwp%2Fv2%2Fcomments&post=1610"}],"version-history":[{"count":7,"href":"https:\/\/www.kjellgunnaroveroye.no\/index.php?rest_route=\/wp\/v2\/pages\/1610\/revisions"}],"predecessor-version":[{"id":3765,"href":"https:\/\/www.kjellgunnaroveroye.no\/index.php?rest_route=\/wp\/v2\/pages\/1610\/revisions\/3765"}],"up":[{"embeddable":true,"href":"https:\/\/www.kjellgunnaroveroye.no\/index.php?rest_route=\/wp\/v2\/pages\/1546"}],"wp:attachment":[{"href":"https:\/\/www.kjellgunnaroveroye.no\/index.php?rest_route=%2Fwp%2Fv2%2Fmedia&parent=1610"}],"curies":[{"name":"wp","href":"https:\/\/api.w.org\/{rel}","templated":true}]}}