{"id":1616,"date":"2016-08-14T16:37:06","date_gmt":"2016-08-14T14:37:06","guid":{"rendered":"http:\/\/www.kjellgunnaroveroye.no\/?page_id=1616"},"modified":"2024-08-06T12:39:33","modified_gmt":"2024-08-06T10:39:33","slug":"utan-tittel-2","status":"publish","type":"page","link":"https:\/\/www.kjellgunnaroveroye.no\/?page_id=1616&lang=nn","title":{"rendered":"Utan tittel 2"},"content":{"rendered":"<span class=\"image-fixer-wrapper\">\n<div style=\"height:40px\" aria-hidden=\"true\" class=\"wp-block-spacer\"><\/div>\n\n\n\n<div class=\"wp-block-columns is-layout-flex wp-container-core-columns-is-layout-9d6595d7 wp-block-columns-is-layout-flex\">\n<div class=\"wp-block-column is-layout-flow wp-block-column-is-layout-flow\" style=\"flex-basis:66.66%\"><div class=\"wp-block-image\">\n<figure class=\"aligncenter size-full\"><img loading=\"lazy\" decoding=\"async\" width=\"254\" height=\"768\" src=\"http:\/\/www.kjellgunnaroveroye.no\/wp-content\/uploads\/2016\/08\/5.Utan-tittel-2-2000-50-x-12-x-1-cm-slipt-og-anloept-staal-med-innlagt-massingtraad.jpg\" alt=\"\" class=\"wp-image-1617\" srcset=\"https:\/\/www.kjellgunnaroveroye.no\/wp-content\/uploads\/2016\/08\/5.Utan-tittel-2-2000-50-x-12-x-1-cm-slipt-og-anloept-staal-med-innlagt-massingtraad.jpg 254w, https:\/\/www.kjellgunnaroveroye.no\/wp-content\/uploads\/2016\/08\/5.Utan-tittel-2-2000-50-x-12-x-1-cm-slipt-og-anloept-staal-med-innlagt-massingtraad-99x300.jpg 99w\" sizes=\"auto, (max-width: 254px) 100vw, 254px\" \/><\/figure><\/div>\n\n\n<div style=\"height:90px\" aria-hidden=\"true\" class=\"wp-block-spacer\"><\/div>\n\n\n\n<figure class=\"wp-block-image size-full\"><img loading=\"lazy\" decoding=\"async\" width=\"748\" height=\"748\" src=\"http:\/\/www.kjellgunnaroveroye.no\/wp-content\/uploads\/2016\/08\/Utsnitt-gr-8-bilde-5.jpg\" alt=\"\" class=\"wp-image-1710\" srcset=\"https:\/\/www.kjellgunnaroveroye.no\/wp-content\/uploads\/2016\/08\/Utsnitt-gr-8-bilde-5.jpg 748w, https:\/\/www.kjellgunnaroveroye.no\/wp-content\/uploads\/2016\/08\/Utsnitt-gr-8-bilde-5-150x150.jpg 150w, https:\/\/www.kjellgunnaroveroye.no\/wp-content\/uploads\/2016\/08\/Utsnitt-gr-8-bilde-5-300x300.jpg 300w\" sizes=\"auto, (max-width: 748px) 100vw, 748px\" \/><\/figure>\n<\/div>\n\n\n\n<div class=\"wp-block-column is-layout-flow wp-block-column-is-layout-flow\" style=\"flex-basis:33.33%\">\n<p><strong>Utan tittel<\/strong> &#8211; 2000<\/p>\n\n\n\n<p>50 x 12 x 1 cm<\/p>\n\n\n\n<p>Slipt og anl\u00f8pt st\u00e5l med innlagt massingtr\u00e5d<\/p>\n\n\n\n<p style=\"text-align:left;font-size:20px;\">\n<a href=\"?page_id=1610&amp;lang=nn\" class=\"next\"><span>\u2190<\/span><\/a>\n&nbsp;&nbsp;&nbsp;&nbsp;&nbsp;&nbsp;\n<a href=\"?page_id=1621&amp;lang=nn\" class=\"next\"><span>\u2192<\/span><\/a><\/p>\n<\/div>\n<\/div>\n<\/span>","protected":false},"excerpt":{"rendered":"<p>Utan tittel &#8211; 2000 50 x 12 x 1 cm Slipt og anl\u00f8pt st\u00e5l med innlagt massingtr\u00e5d \u2190 &nbsp;&nbsp;&nbsp;&nbsp;&nbsp;&nbsp; \u2192<\/p>\n","protected":false},"author":1,"featured_media":0,"parent":1546,"menu_order":0,"comment_status":"closed","ping_status":"closed","template":"","meta":{"neve_meta_sidebar":"","neve_meta_container":"","neve_meta_enable_content_width":"","neve_meta_content_width":0,"neve_meta_title_alignment":"","neve_meta_author_avatar":"","neve_post_elements_order":"","neve_meta_disable_header":"","neve_meta_disable_footer":"","neve_meta_disable_title":"","footnotes":""},"class_list":["post-1616","page","type-page","status-publish","hentry"],"_links":{"self":[{"href":"https:\/\/www.kjellgunnaroveroye.no\/index.php?rest_route=\/wp\/v2\/pages\/1616","targetHints":{"allow":["GET"]}}],"collection":[{"href":"https:\/\/www.kjellgunnaroveroye.no\/index.php?rest_route=\/wp\/v2\/pages"}],"about":[{"href":"https:\/\/www.kjellgunnaroveroye.no\/index.php?rest_route=\/wp\/v2\/types\/page"}],"author":[{"embeddable":true,"href":"https:\/\/www.kjellgunnaroveroye.no\/index.php?rest_route=\/wp\/v2\/users\/1"}],"replies":[{"embeddable":true,"href":"https:\/\/www.kjellgunnaroveroye.no\/index.php?rest_route=%2Fwp%2Fv2%2Fcomments&post=1616"}],"version-history":[{"count":7,"href":"https:\/\/www.kjellgunnaroveroye.no\/index.php?rest_route=\/wp\/v2\/pages\/1616\/revisions"}],"predecessor-version":[{"id":3904,"href":"https:\/\/www.kjellgunnaroveroye.no\/index.php?rest_route=\/wp\/v2\/pages\/1616\/revisions\/3904"}],"up":[{"embeddable":true,"href":"https:\/\/www.kjellgunnaroveroye.no\/index.php?rest_route=\/wp\/v2\/pages\/1546"}],"wp:attachment":[{"href":"https:\/\/www.kjellgunnaroveroye.no\/index.php?rest_route=%2Fwp%2Fv2%2Fmedia&parent=1616"}],"curies":[{"name":"wp","href":"https:\/\/api.w.org\/{rel}","templated":true}]}}