{"id":1944,"date":"2018-08-11T15:41:42","date_gmt":"2018-08-11T13:41:42","guid":{"rendered":"http:\/\/www.kjellgunnaroveroye.no\/?page_id=1944"},"modified":"2024-08-04T23:01:25","modified_gmt":"2024-08-04T21:01:25","slug":"utan-tittel-3","status":"publish","type":"page","link":"https:\/\/www.kjellgunnaroveroye.no\/?page_id=1944&lang=nn","title":{"rendered":"Utan tittel 4"},"content":{"rendered":"<span class=\"image-fixer-wrapper\">\n<div class=\"wp-block-columns is-layout-flex wp-container-core-columns-is-layout-9d6595d7 wp-block-columns-is-layout-flex\">\n<div class=\"wp-block-column is-layout-flow wp-block-column-is-layout-flow\" style=\"flex-basis:66.66%\"><div class=\"wp-block-image\">\n<figure class=\"aligncenter size-full is-resized\"><img loading=\"lazy\" decoding=\"async\" width=\"730\" height=\"731\" src=\"http:\/\/www.kjellgunnaroveroye.no\/wp-content\/uploads\/2018\/08\/1.-Utan-tittel2c-20182c-24-x-24-x-2-cm2c-rustpatinert-sta\u030al-med-innlagt-s\u00f8lvtra\u030ad.jpg\" alt=\"\" class=\"wp-image-1948\" style=\"width:730px;height:731px\" srcset=\"https:\/\/www.kjellgunnaroveroye.no\/wp-content\/uploads\/2018\/08\/1.-Utan-tittel2c-20182c-24-x-24-x-2-cm2c-rustpatinert-sta\u030al-med-innlagt-s\u00f8lvtra\u030ad.jpg 730w, https:\/\/www.kjellgunnaroveroye.no\/wp-content\/uploads\/2018\/08\/1.-Utan-tittel2c-20182c-24-x-24-x-2-cm2c-rustpatinert-sta\u030al-med-innlagt-s\u00f8lvtra\u030ad-150x150.jpg 150w, https:\/\/www.kjellgunnaroveroye.no\/wp-content\/uploads\/2018\/08\/1.-Utan-tittel2c-20182c-24-x-24-x-2-cm2c-rustpatinert-sta\u030al-med-innlagt-s\u00f8lvtra\u030ad-300x300.jpg 300w\" sizes=\"auto, (max-width: 730px) 100vw, 730px\" \/><\/figure><\/div>\n\n\n<div style=\"height:90px\" aria-hidden=\"true\" class=\"wp-block-spacer\"><\/div>\n\n\n<div class=\"wp-block-image\">\n<figure class=\"aligncenter size-full\"><img loading=\"lazy\" decoding=\"async\" width=\"730\" height=\"274\" src=\"http:\/\/www.kjellgunnaroveroye.no\/wp-content\/uploads\/2018\/08\/3b.jpg\" alt=\"\" class=\"wp-image-1951\" srcset=\"https:\/\/www.kjellgunnaroveroye.no\/wp-content\/uploads\/2018\/08\/3b.jpg 730w, https:\/\/www.kjellgunnaroveroye.no\/wp-content\/uploads\/2018\/08\/3b-300x113.jpg 300w\" sizes=\"auto, (max-width: 730px) 100vw, 730px\" \/><\/figure><\/div><\/div>\n\n\n\n<div class=\"wp-block-column is-layout-flow wp-block-column-is-layout-flow\" style=\"flex-basis:33.33%\">\n<div style=\"height:40px\" aria-hidden=\"true\" class=\"wp-block-spacer\"><\/div>\n\n\n\n<p><strong>Utan tittel<\/strong>&nbsp;\u2013&nbsp;2018<\/p>\n\n\n\n<p>24 x 24 x 2 cm<\/p>\n\n\n\n<p>Rustpatinert st\u00e5l med innlagt s\u00f8lvtr\u00e5d<\/p>\n\n\n\n<p style=\"text-align:left;font-size:20px;\">\n<a href=\"?page_id=1550&amp;lang=nn\" class=\"next\"><span>\u2190<\/span><\/a>\n&nbsp;&nbsp;&nbsp;&nbsp;&nbsp;&nbsp;\n<a href=\"?page_id=1965&amp;lang=nn\" class=\"next\"><span>\u2192<\/span><\/a><\/p>\n<\/div>\n<\/div>\n\n\n\n<div style=\"height:40px\" aria-hidden=\"true\" class=\"wp-block-spacer\"><\/div>\n<\/span>","protected":false},"excerpt":{"rendered":"<p>Utan tittel&nbsp;\u2013&nbsp;2018 24 x 24 x 2 cm Rustpatinert st\u00e5l med innlagt s\u00f8lvtr\u00e5d \u2190 &nbsp;&nbsp;&nbsp;&nbsp;&nbsp;&nbsp; \u2192<\/p>\n","protected":false},"author":1,"featured_media":0,"parent":1908,"menu_order":0,"comment_status":"closed","ping_status":"closed","template":"","meta":{"neve_meta_sidebar":"","neve_meta_container":"","neve_meta_enable_content_width":"","neve_meta_content_width":0,"neve_meta_title_alignment":"","neve_meta_author_avatar":"","neve_post_elements_order":"","neve_meta_disable_header":"","neve_meta_disable_footer":"","neve_meta_disable_title":"","footnotes":""},"class_list":["post-1944","page","type-page","status-publish","hentry"],"_links":{"self":[{"href":"https:\/\/www.kjellgunnaroveroye.no\/index.php?rest_route=\/wp\/v2\/pages\/1944","targetHints":{"allow":["GET"]}}],"collection":[{"href":"https:\/\/www.kjellgunnaroveroye.no\/index.php?rest_route=\/wp\/v2\/pages"}],"about":[{"href":"https:\/\/www.kjellgunnaroveroye.no\/index.php?rest_route=\/wp\/v2\/types\/page"}],"author":[{"embeddable":true,"href":"https:\/\/www.kjellgunnaroveroye.no\/index.php?rest_route=\/wp\/v2\/users\/1"}],"replies":[{"embeddable":true,"href":"https:\/\/www.kjellgunnaroveroye.no\/index.php?rest_route=%2Fwp%2Fv2%2Fcomments&post=1944"}],"version-history":[{"count":13,"href":"https:\/\/www.kjellgunnaroveroye.no\/index.php?rest_route=\/wp\/v2\/pages\/1944\/revisions"}],"predecessor-version":[{"id":3841,"href":"https:\/\/www.kjellgunnaroveroye.no\/index.php?rest_route=\/wp\/v2\/pages\/1944\/revisions\/3841"}],"up":[{"embeddable":true,"href":"https:\/\/www.kjellgunnaroveroye.no\/index.php?rest_route=\/wp\/v2\/pages\/1908"}],"wp:attachment":[{"href":"https:\/\/www.kjellgunnaroveroye.no\/index.php?rest_route=%2Fwp%2Fv2%2Fmedia&parent=1944"}],"curies":[{"name":"wp","href":"https:\/\/api.w.org\/{rel}","templated":true}]}}