{"id":2033,"date":"2018-08-29T23:26:20","date_gmt":"2018-08-29T21:26:20","guid":{"rendered":"http:\/\/www.kjellgunnaroveroye.no\/?page_id=2033"},"modified":"2024-10-05T23:09:08","modified_gmt":"2024-10-05T21:09:08","slug":"dapslysestake","status":"publish","type":"page","link":"https:\/\/www.kjellgunnaroveroye.no\/?page_id=2033&lang=nn","title":{"rendered":"D\u00e5pslysestake"},"content":{"rendered":"<span class=\"image-fixer-wrapper\">\n<div style=\"height:40px\" aria-hidden=\"true\" class=\"wp-block-spacer\"><\/div>\n\n\n\n<div class=\"wp-block-columns is-layout-flex wp-container-core-columns-is-layout-9d6595d7 wp-block-columns-is-layout-flex\">\n<div class=\"wp-block-column is-layout-flow wp-block-column-is-layout-flow\" style=\"flex-basis:66.66%\"><div class=\"wp-block-image\">\n<figure class=\"aligncenter size-full\"><img loading=\"lazy\" decoding=\"async\" width=\"498\" height=\"825\" src=\"http:\/\/www.kjellgunnaroveroye.no\/wp-content\/uploads\/2018\/08\/1-a-Da\u030apslysestake2c-20182c-75-x-31-x-31-cm2c-anl\u00f8pt-sta\u030al.jpg\" alt=\"\" class=\"wp-image-2034\" srcset=\"https:\/\/www.kjellgunnaroveroye.no\/wp-content\/uploads\/2018\/08\/1-a-Da\u030apslysestake2c-20182c-75-x-31-x-31-cm2c-anl\u00f8pt-sta\u030al.jpg 498w, https:\/\/www.kjellgunnaroveroye.no\/wp-content\/uploads\/2018\/08\/1-a-Da\u030apslysestake2c-20182c-75-x-31-x-31-cm2c-anl\u00f8pt-sta\u030al-181x300.jpg 181w\" sizes=\"auto, (max-width: 498px) 100vw, 498px\" \/><\/figure><\/div>\n\n\n<div style=\"height:90px\" aria-hidden=\"true\" class=\"wp-block-spacer\"><\/div>\n\n\n<div class=\"wp-block-image\">\n<figure class=\"aligncenter size-full\"><img loading=\"lazy\" decoding=\"async\" width=\"498\" height=\"824\" src=\"http:\/\/www.kjellgunnaroveroye.no\/wp-content\/uploads\/2018\/08\/1-b.jpg\" alt=\"\" class=\"wp-image-2035\" srcset=\"https:\/\/www.kjellgunnaroveroye.no\/wp-content\/uploads\/2018\/08\/1-b.jpg 498w, https:\/\/www.kjellgunnaroveroye.no\/wp-content\/uploads\/2018\/08\/1-b-181x300.jpg 181w\" sizes=\"auto, (max-width: 498px) 100vw, 498px\" \/><\/figure><\/div>\n\n\n<div style=\"height:90px\" aria-hidden=\"true\" class=\"wp-block-spacer\"><\/div>\n\n\n<div class=\"wp-block-image\">\n<figure class=\"aligncenter size-full\"><img loading=\"lazy\" decoding=\"async\" width=\"498\" height=\"825\" src=\"http:\/\/www.kjellgunnaroveroye.no\/wp-content\/uploads\/2018\/08\/1-c.jpg\" alt=\"\" class=\"wp-image-2036\" srcset=\"https:\/\/www.kjellgunnaroveroye.no\/wp-content\/uploads\/2018\/08\/1-c.jpg 498w, https:\/\/www.kjellgunnaroveroye.no\/wp-content\/uploads\/2018\/08\/1-c-181x300.jpg 181w\" sizes=\"auto, (max-width: 498px) 100vw, 498px\" \/><\/figure><\/div><\/div>\n\n\n\n<div class=\"wp-block-column is-layout-flow wp-block-column-is-layout-flow\" style=\"flex-basis:33.33%\">\n<p><strong>D\u00e5pslysestake <\/strong>&#8211; 2018<\/p>\n\n\n\n<p>75 x 31 x 31 cm<\/p>\n\n\n\n<p>Anl\u00f8pt st\u00e5l<\/p>\n\n\n\n<p style=\"text-align:left;font-size:20px;\">\n<a href=\"?page_id=613&amp;lang=nn\" class=\"next\"><span>\u2190<\/span><\/a>\n&nbsp;&nbsp;&nbsp;&nbsp;&nbsp;&nbsp;\n<a href=\"?page_id=859&amp;lang=nn\" class=\"next\"><span>\u2192<\/span><\/a><\/p>\n<\/div>\n<\/div>\n\n\n\n<div style=\"height:40px\" aria-hidden=\"true\" class=\"wp-block-spacer\"><\/div>\n<\/span>","protected":false},"excerpt":{"rendered":"<p>D\u00e5pslysestake &#8211; 2018 75 x 31 x 31 cm Anl\u00f8pt st\u00e5l \u2190 &nbsp;&nbsp;&nbsp;&nbsp;&nbsp;&nbsp; \u2192<\/p>\n","protected":false},"author":1,"featured_media":0,"parent":696,"menu_order":0,"comment_status":"closed","ping_status":"closed","template":"","meta":{"neve_meta_sidebar":"","neve_meta_container":"","neve_meta_enable_content_width":"","neve_meta_content_width":0,"neve_meta_title_alignment":"","neve_meta_author_avatar":"","neve_post_elements_order":"","neve_meta_disable_header":"","neve_meta_disable_footer":"","neve_meta_disable_title":"","footnotes":""},"class_list":["post-2033","page","type-page","status-publish","hentry"],"_links":{"self":[{"href":"https:\/\/www.kjellgunnaroveroye.no\/index.php?rest_route=\/wp\/v2\/pages\/2033","targetHints":{"allow":["GET"]}}],"collection":[{"href":"https:\/\/www.kjellgunnaroveroye.no\/index.php?rest_route=\/wp\/v2\/pages"}],"about":[{"href":"https:\/\/www.kjellgunnaroveroye.no\/index.php?rest_route=\/wp\/v2\/types\/page"}],"author":[{"embeddable":true,"href":"https:\/\/www.kjellgunnaroveroye.no\/index.php?rest_route=\/wp\/v2\/users\/1"}],"replies":[{"embeddable":true,"href":"https:\/\/www.kjellgunnaroveroye.no\/index.php?rest_route=%2Fwp%2Fv2%2Fcomments&post=2033"}],"version-history":[{"count":7,"href":"https:\/\/www.kjellgunnaroveroye.no\/index.php?rest_route=\/wp\/v2\/pages\/2033\/revisions"}],"predecessor-version":[{"id":4290,"href":"https:\/\/www.kjellgunnaroveroye.no\/index.php?rest_route=\/wp\/v2\/pages\/2033\/revisions\/4290"}],"up":[{"embeddable":true,"href":"https:\/\/www.kjellgunnaroveroye.no\/index.php?rest_route=\/wp\/v2\/pages\/696"}],"wp:attachment":[{"href":"https:\/\/www.kjellgunnaroveroye.no\/index.php?rest_route=%2Fwp%2Fv2%2Fmedia&parent=2033"}],"curies":[{"name":"wp","href":"https:\/\/api.w.org\/{rel}","templated":true}]}}