{"id":2646,"date":"2021-09-10T23:12:00","date_gmt":"2021-09-10T21:12:00","guid":{"rendered":"https:\/\/www.kjellgunnaroveroye.no\/?page_id=2646"},"modified":"2024-08-15T21:32:20","modified_gmt":"2024-08-15T19:32:20","slug":"by-2021","status":"publish","type":"page","link":"https:\/\/www.kjellgunnaroveroye.no\/?page_id=2646&lang=nn","title":{"rendered":"By, 2021"},"content":{"rendered":"<span class=\"image-fixer-wrapper\">\n<div style=\"height:40px\" aria-hidden=\"true\" class=\"wp-block-spacer\"><\/div>\n\n\n\n<div class=\"wp-block-columns is-layout-flex wp-container-core-columns-is-layout-9d6595d7 wp-block-columns-is-layout-flex\">\n<div class=\"wp-block-column is-layout-flow wp-block-column-is-layout-flow\" style=\"flex-basis:66.66%\">\n<figure class=\"wp-block-image size-full is-resized\"><img loading=\"lazy\" decoding=\"async\" width=\"670\" height=\"825\" src=\"https:\/\/www.kjellgunnaroveroye.no\/wp-content\/uploads\/2021\/09\/By.jpg\" alt=\"\" class=\"wp-image-2647\" style=\"width:688px\" srcset=\"https:\/\/www.kjellgunnaroveroye.no\/wp-content\/uploads\/2021\/09\/By.jpg 670w, https:\/\/www.kjellgunnaroveroye.no\/wp-content\/uploads\/2021\/09\/By-244x300.jpg 244w\" sizes=\"auto, (max-width: 670px) 100vw, 670px\" \/><\/figure>\n<\/div>\n\n\n\n<div class=\"wp-block-column is-layout-flow wp-block-column-is-layout-flow\" style=\"flex-basis:33.33%\">\n<p><strong>By<\/strong> \u2013&nbsp;2021<\/p>\n\n\n\n<p>24 x 20 x 1 cm<\/p>\n\n\n\n<p>Oljebrent og anl\u00f8pt st\u00e5l med innlagt s\u00f8lvtr\u00e5d<\/p>\n\n\n\n<p style=\"text-align:left;font-size:20px;\">\n<a href=\"?page_id=2635&amp;lang=nn\" class=\"next\"><span>\u2190<\/span><\/a>\n&nbsp;&nbsp;&nbsp;&nbsp;&nbsp;&nbsp;\n<a href=\"?page_id=2663&amp;lang=nn\" class=\"next\"><span>\u2192<\/span><\/a><\/p>\n<\/div>\n<\/div>\n\n\n\n<div style=\"height:40px\" aria-hidden=\"true\" class=\"wp-block-spacer\"><\/div>\n<\/span>","protected":false},"excerpt":{"rendered":"<p>By \u2013&nbsp;2021 24 x 20 x 1 cm Oljebrent og anl\u00f8pt st\u00e5l med innlagt s\u00f8lvtr\u00e5d \u2190 &nbsp;&nbsp;&nbsp;&nbsp;&nbsp;&nbsp; \u2192<\/p>\n","protected":false},"author":1,"featured_media":0,"parent":2582,"menu_order":0,"comment_status":"closed","ping_status":"closed","template":"","meta":{"neve_meta_sidebar":"","neve_meta_container":"","neve_meta_enable_content_width":"","neve_meta_content_width":0,"neve_meta_title_alignment":"","neve_meta_author_avatar":"","neve_post_elements_order":"","neve_meta_disable_header":"","neve_meta_disable_footer":"","neve_meta_disable_title":"","footnotes":""},"class_list":["post-2646","page","type-page","status-publish","hentry"],"_links":{"self":[{"href":"https:\/\/www.kjellgunnaroveroye.no\/index.php?rest_route=\/wp\/v2\/pages\/2646","targetHints":{"allow":["GET"]}}],"collection":[{"href":"https:\/\/www.kjellgunnaroveroye.no\/index.php?rest_route=\/wp\/v2\/pages"}],"about":[{"href":"https:\/\/www.kjellgunnaroveroye.no\/index.php?rest_route=\/wp\/v2\/types\/page"}],"author":[{"embeddable":true,"href":"https:\/\/www.kjellgunnaroveroye.no\/index.php?rest_route=\/wp\/v2\/users\/1"}],"replies":[{"embeddable":true,"href":"https:\/\/www.kjellgunnaroveroye.no\/index.php?rest_route=%2Fwp%2Fv2%2Fcomments&post=2646"}],"version-history":[{"count":22,"href":"https:\/\/www.kjellgunnaroveroye.no\/index.php?rest_route=\/wp\/v2\/pages\/2646\/revisions"}],"predecessor-version":[{"id":4089,"href":"https:\/\/www.kjellgunnaroveroye.no\/index.php?rest_route=\/wp\/v2\/pages\/2646\/revisions\/4089"}],"up":[{"embeddable":true,"href":"https:\/\/www.kjellgunnaroveroye.no\/index.php?rest_route=\/wp\/v2\/pages\/2582"}],"wp:attachment":[{"href":"https:\/\/www.kjellgunnaroveroye.no\/index.php?rest_route=%2Fwp%2Fv2%2Fmedia&parent=2646"}],"curies":[{"name":"wp","href":"https:\/\/api.w.org\/{rel}","templated":true}]}}