{"id":909,"date":"2016-07-06T02:54:23","date_gmt":"2016-07-06T00:54:23","guid":{"rendered":"http:\/\/www.kjellgunnaroveroye.no\/?page_id=909"},"modified":"2024-10-08T14:00:34","modified_gmt":"2024-10-08T12:00:34","slug":"more-bispedome-prostekross","status":"publish","type":"page","link":"https:\/\/www.kjellgunnaroveroye.no\/?page_id=909&lang=nn","title":{"rendered":"M\u00f8re Bisped\u00f8me &#8211; Prostekors"},"content":{"rendered":"<span class=\"image-fixer-wrapper\">\n<div style=\"height:40px\" aria-hidden=\"true\" class=\"wp-block-spacer\"><\/div>\n\n\n\n<div class=\"wp-block-columns is-layout-flex wp-container-core-columns-is-layout-9d6595d7 wp-block-columns-is-layout-flex\">\n<div class=\"wp-block-column is-layout-flow wp-block-column-is-layout-flow\" style=\"flex-basis:66.66%\"><div class=\"wp-block-image\">\n<figure class=\"aligncenter size-full\"><img loading=\"lazy\" decoding=\"async\" width=\"275\" height=\"425\" src=\"http:\/\/www.kjellgunnaroveroye.no\/wp-content\/uploads\/2016\/07\/1.Prostekors-2008-87-x-31-x-03-cm-st\u00f8ypt-s\u00f8lv.jpg\" alt=\"1.Prostekors, 2008, 8,7 x 3,1 x 0,3 cm, st\u00f8ypt s\u00f8lv\" class=\"wp-image-913\" srcset=\"https:\/\/www.kjellgunnaroveroye.no\/wp-content\/uploads\/2016\/07\/1.Prostekors-2008-87-x-31-x-03-cm-st\u00f8ypt-s\u00f8lv.jpg 275w, https:\/\/www.kjellgunnaroveroye.no\/wp-content\/uploads\/2016\/07\/1.Prostekors-2008-87-x-31-x-03-cm-st\u00f8ypt-s\u00f8lv-194x300.jpg 194w\" sizes=\"auto, (max-width: 275px) 100vw, 275px\" \/><\/figure><\/div><\/div>\n\n\n\n<div class=\"wp-block-column is-layout-flow wp-block-column-is-layout-flow\" style=\"flex-basis:33.33%\">\n<p><strong>Prostekors <\/strong>&#8211; 2008<\/p>\n\n\n\n<p>8,7 x 3,1 x 0,3 cm<\/p>\n\n\n\n<p>St\u00f8ypt s\u00f8lv<\/p>\n\n\n\n<p style=\"text-align:left;font-size:20px;\">\n<a href=\"?page_id=894&amp;lang=nn\" class=\"next\"><span>\u2190<\/span><\/a>\n&nbsp;&nbsp;&nbsp;&nbsp;&nbsp;&nbsp;\n<a href=\"?page_id=924&amp;lang=nn\" class=\"next\"><span>\u2192<\/span><\/a><\/p>\n\n\n\n<p>Designet er inspirert fr\u00e5 det innhogde korset p\u00e5 Kulisteinen; ein runestein reist p\u00e5 \u00f8ya Kuli mellom Ed\u00f8y og Sm\u00f8la i M\u00f8re og Romsdal.<br>Kulisteinen blir rekna som eit av dei tidlegaste vitnesbyrda om kristendommen sitt n\u00e6rv\u00e6re i Noreg. <br>Korset vert brukt av alle prostane i M\u00f8re bisped\u00f8me.<\/p>\n<\/div>\n<\/div>\n\n\n\n<div style=\"height:40px\" aria-hidden=\"true\" class=\"wp-block-spacer\"><\/div>\n\n\n\n<p><\/p>\n<\/span>","protected":false},"excerpt":{"rendered":"<p>Prostekors &#8211; 2008 8,7 x 3,1 x 0,3 cm St\u00f8ypt s\u00f8lv \u2190 &nbsp;&nbsp;&nbsp;&nbsp;&nbsp;&nbsp; \u2192 Designet er inspirert fr\u00e5 det innhogde korset p\u00e5 Kulisteinen; ein runestein reist p\u00e5 \u00f8ya Kuli mellom Ed\u00f8y og Sm\u00f8la i M\u00f8re og Romsdal.Kulisteinen blir rekna som eit av dei tidlegaste vitnesbyrda om kristendommen sitt n\u00e6rv\u00e6re i Noreg. Korset vert brukt av&hellip;&nbsp;<a href=\"https:\/\/www.kjellgunnaroveroye.no\/?page_id=909&#038;lang=nn\" class=\"\" rel=\"bookmark\">Les mer &raquo;<span class=\"screen-reader-text\">M\u00f8re Bisped\u00f8me &#8211; Prostekors<\/span><\/a><\/p>\n","protected":false},"author":1,"featured_media":0,"parent":664,"menu_order":0,"comment_status":"closed","ping_status":"closed","template":"","meta":{"neve_meta_sidebar":"","neve_meta_container":"","neve_meta_enable_content_width":"","neve_meta_content_width":0,"neve_meta_title_alignment":"","neve_meta_author_avatar":"","neve_post_elements_order":"","neve_meta_disable_header":"","neve_meta_disable_footer":"","neve_meta_disable_title":"","footnotes":""},"class_list":["post-909","page","type-page","status-publish","hentry"],"_links":{"self":[{"href":"https:\/\/www.kjellgunnaroveroye.no\/index.php?rest_route=\/wp\/v2\/pages\/909","targetHints":{"allow":["GET"]}}],"collection":[{"href":"https:\/\/www.kjellgunnaroveroye.no\/index.php?rest_route=\/wp\/v2\/pages"}],"about":[{"href":"https:\/\/www.kjellgunnaroveroye.no\/index.php?rest_route=\/wp\/v2\/types\/page"}],"author":[{"embeddable":true,"href":"https:\/\/www.kjellgunnaroveroye.no\/index.php?rest_route=\/wp\/v2\/users\/1"}],"replies":[{"embeddable":true,"href":"https:\/\/www.kjellgunnaroveroye.no\/index.php?rest_route=%2Fwp%2Fv2%2Fcomments&post=909"}],"version-history":[{"count":12,"href":"https:\/\/www.kjellgunnaroveroye.no\/index.php?rest_route=\/wp\/v2\/pages\/909\/revisions"}],"predecessor-version":[{"id":4343,"href":"https:\/\/www.kjellgunnaroveroye.no\/index.php?rest_route=\/wp\/v2\/pages\/909\/revisions\/4343"}],"up":[{"embeddable":true,"href":"https:\/\/www.kjellgunnaroveroye.no\/index.php?rest_route=\/wp\/v2\/pages\/664"}],"wp:attachment":[{"href":"https:\/\/www.kjellgunnaroveroye.no\/index.php?rest_route=%2Fwp%2Fv2%2Fmedia&parent=909"}],"curies":[{"name":"wp","href":"https:\/\/api.w.org\/{rel}","templated":true}]}}