{"id":919,"date":"2016-07-06T02:56:14","date_gmt":"2016-07-06T00:56:14","guid":{"rendered":"http:\/\/www.kjellgunnaroveroye.no\/?page_id=919"},"modified":"2024-10-08T14:00:09","modified_gmt":"2024-10-08T12:00:09","slug":"diocese-of-more-senior-rector-cross","status":"publish","type":"page","link":"https:\/\/www.kjellgunnaroveroye.no\/?page_id=919&lang=en","title":{"rendered":"Diocese of M\u00f8re &#8211; Senior Rector Cross"},"content":{"rendered":"<span class=\"image-fixer-wrapper\">\n<div style=\"height:40px\" aria-hidden=\"true\" class=\"wp-block-spacer\"><\/div>\n\n\n\n<div class=\"wp-block-columns is-layout-flex wp-container-core-columns-is-layout-9d6595d7 wp-block-columns-is-layout-flex\">\n<div class=\"wp-block-column is-layout-flow wp-block-column-is-layout-flow\" style=\"flex-basis:66.66%\"><div class=\"wp-block-image\">\n<figure class=\"aligncenter size-full\"><img loading=\"lazy\" decoding=\"async\" width=\"275\" height=\"425\" src=\"http:\/\/www.kjellgunnaroveroye.no\/wp-content\/uploads\/2016\/07\/1.Prostekors-2008-87-x-31-x-03-cm-st\u00f8ypt-s\u00f8lv.jpg\" alt=\"1.Prostekors, 2008, 8,7 x 3,1 x 0,3 cm, st\u00f8ypt s\u00f8lv\" class=\"wp-image-913\" srcset=\"https:\/\/www.kjellgunnaroveroye.no\/wp-content\/uploads\/2016\/07\/1.Prostekors-2008-87-x-31-x-03-cm-st\u00f8ypt-s\u00f8lv.jpg 275w, https:\/\/www.kjellgunnaroveroye.no\/wp-content\/uploads\/2016\/07\/1.Prostekors-2008-87-x-31-x-03-cm-st\u00f8ypt-s\u00f8lv-194x300.jpg 194w\" sizes=\"auto, (max-width: 275px) 100vw, 275px\" \/><\/figure><\/div><\/div>\n\n\n\n<div class=\"wp-block-column is-layout-flow wp-block-column-is-layout-flow\" style=\"flex-basis:33.33%\">\n<p><strong>Babtism candlestick <\/strong>&#8211; 2018<\/p>\n\n\n\n<p>75 x 31 x 31 cm<\/p>\n\n\n\n<p>Heat coloured steel<\/p>\n\n\n\n<p style=\"text-align:left;font-size:20px;\">\n<a href=\"?page_id=905&amp;lang=nn\" class=\"next\"><span>\u2190<\/span><\/a>\n&nbsp;&nbsp;&nbsp;&nbsp;&nbsp;&nbsp;\n<a href=\"?page_id=931&amp;lang=nn\" class=\"next\"><span>\u2192<\/span><\/a><\/p>\n\n\n\n<p>The design is inspired by the cross carved into the Kulistein stone, a runic stone erected on the island of Kuli between Ed\u00f8y and Sm\u00f8la in M\u00f8re og Romsdal county. This stone is said to be one of the earliest relics proving the existence of Christianity in Norway.<br>The cross is used by all the senior rectors in the Diocese of M\u00f8re.<\/p>\n<\/div>\n<\/div>\n\n\n\n<div style=\"height:40px\" aria-hidden=\"true\" class=\"wp-block-spacer\"><\/div>\n<\/span>","protected":false},"excerpt":{"rendered":"<p>Babtism candlestick &#8211; 2018 75 x 31 x 31 cm Heat coloured steel \u2190 &nbsp;&nbsp;&nbsp;&nbsp;&nbsp;&nbsp; \u2192 The design is inspired by the cross carved into the Kulistein stone, a runic stone erected on the island of Kuli between Ed\u00f8y and Sm\u00f8la in M\u00f8re og Romsdal county. This stone is said to be one of the&hellip;&nbsp;<a href=\"https:\/\/www.kjellgunnaroveroye.no\/?page_id=919&#038;lang=en\" class=\"\" rel=\"bookmark\">Les mer &raquo;<span class=\"screen-reader-text\">Diocese of M\u00f8re &#8211; Senior Rector Cross<\/span><\/a><\/p>\n","protected":false},"author":1,"featured_media":0,"parent":892,"menu_order":0,"comment_status":"closed","ping_status":"closed","template":"","meta":{"neve_meta_sidebar":"","neve_meta_container":"","neve_meta_enable_content_width":"","neve_meta_content_width":0,"neve_meta_title_alignment":"","neve_meta_author_avatar":"","neve_post_elements_order":"","neve_meta_disable_header":"","neve_meta_disable_footer":"","neve_meta_disable_title":"","footnotes":""},"class_list":["post-919","page","type-page","status-publish","hentry"],"_links":{"self":[{"href":"https:\/\/www.kjellgunnaroveroye.no\/index.php?rest_route=\/wp\/v2\/pages\/919","targetHints":{"allow":["GET"]}}],"collection":[{"href":"https:\/\/www.kjellgunnaroveroye.no\/index.php?rest_route=\/wp\/v2\/pages"}],"about":[{"href":"https:\/\/www.kjellgunnaroveroye.no\/index.php?rest_route=\/wp\/v2\/types\/page"}],"author":[{"embeddable":true,"href":"https:\/\/www.kjellgunnaroveroye.no\/index.php?rest_route=\/wp\/v2\/users\/1"}],"replies":[{"embeddable":true,"href":"https:\/\/www.kjellgunnaroveroye.no\/index.php?rest_route=%2Fwp%2Fv2%2Fcomments&post=919"}],"version-history":[{"count":10,"href":"https:\/\/www.kjellgunnaroveroye.no\/index.php?rest_route=\/wp\/v2\/pages\/919\/revisions"}],"predecessor-version":[{"id":4342,"href":"https:\/\/www.kjellgunnaroveroye.no\/index.php?rest_route=\/wp\/v2\/pages\/919\/revisions\/4342"}],"up":[{"embeddable":true,"href":"https:\/\/www.kjellgunnaroveroye.no\/index.php?rest_route=\/wp\/v2\/pages\/892"}],"wp:attachment":[{"href":"https:\/\/www.kjellgunnaroveroye.no\/index.php?rest_route=%2Fwp%2Fv2%2Fmedia&parent=919"}],"curies":[{"name":"wp","href":"https:\/\/api.w.org\/{rel}","templated":true}]}}