{"id":924,"date":"2016-07-06T03:11:10","date_gmt":"2016-07-06T01:11:10","guid":{"rendered":"http:\/\/www.kjellgunnaroveroye.no\/?page_id=924"},"modified":"2024-10-08T22:07:07","modified_gmt":"2024-10-08T20:07:07","slug":"more-bispedome-bordkross","status":"publish","type":"page","link":"https:\/\/www.kjellgunnaroveroye.no\/?page_id=924&lang=nn","title":{"rendered":"M\u00f8re Bisped\u00f8me &#8211; Bordkors"},"content":{"rendered":"<span class=\"image-fixer-wrapper\">\n<div style=\"height:40px\" aria-hidden=\"true\" class=\"wp-block-spacer\"><\/div>\n\n\n\n<div class=\"wp-block-columns is-layout-flex wp-container-core-columns-is-layout-9d6595d7 wp-block-columns-is-layout-flex\">\n<div class=\"wp-block-column is-layout-flow wp-block-column-is-layout-flow\" style=\"flex-basis:66.66%\"><div class=\"wp-block-image\">\n<figure class=\"aligncenter size-full is-resized\"><img loading=\"lazy\" decoding=\"async\" width=\"448\" height=\"700\" src=\"http:\/\/www.kjellgunnaroveroye.no\/wp-content\/uploads\/2016\/07\/1.Bordkors-M\u00f8re-bisped\u00f8mme-2013-14-x-45-x-4-cm-slipt-og-anl\u00f8pt-st\u00e5l..jpg\" alt=\"1.Bordkors, M\u00f8re bisped\u00f8mme, 2013, 14 x 4,5 x 4 cm, slipt og anl\u00f8pt st\u00e5l.\" class=\"wp-image-925\" style=\"width:448px;height:auto\" srcset=\"https:\/\/www.kjellgunnaroveroye.no\/wp-content\/uploads\/2016\/07\/1.Bordkors-M\u00f8re-bisped\u00f8mme-2013-14-x-45-x-4-cm-slipt-og-anl\u00f8pt-st\u00e5l..jpg 448w, https:\/\/www.kjellgunnaroveroye.no\/wp-content\/uploads\/2016\/07\/1.Bordkors-M\u00f8re-bisped\u00f8mme-2013-14-x-45-x-4-cm-slipt-og-anl\u00f8pt-st\u00e5l.-192x300.jpg 192w\" sizes=\"auto, (max-width: 448px) 100vw, 448px\" \/><\/figure><\/div>\n\n\n<div style=\"height:90px\" aria-hidden=\"true\" class=\"wp-block-spacer\"><\/div>\n\n\n<div class=\"wp-block-image\">\n<figure class=\"aligncenter size-full\"><img loading=\"lazy\" decoding=\"async\" width=\"500\" height=\"750\" src=\"http:\/\/www.kjellgunnaroveroye.no\/wp-content\/uploads\/2016\/07\/2.Bordkors-M\u00f8re-bisped\u00f8mme-2006-14-x-45-x-4-cm-oljebrent-st\u00e5l-med-innlagt-s\u00f8lvtr\u00e5d-.jpg\" alt=\"2.Bordkors, M\u00f8re bisped\u00f8mme, 2006, 14 x 4,5 x 4 cm, oljebrent st\u00e5l med innlagt s\u00f8lvtr\u00e5d\" class=\"wp-image-926\" srcset=\"https:\/\/www.kjellgunnaroveroye.no\/wp-content\/uploads\/2016\/07\/2.Bordkors-M\u00f8re-bisped\u00f8mme-2006-14-x-45-x-4-cm-oljebrent-st\u00e5l-med-innlagt-s\u00f8lvtr\u00e5d-.jpg 500w, https:\/\/www.kjellgunnaroveroye.no\/wp-content\/uploads\/2016\/07\/2.Bordkors-M\u00f8re-bisped\u00f8mme-2006-14-x-45-x-4-cm-oljebrent-st\u00e5l-med-innlagt-s\u00f8lvtr\u00e5d--200x300.jpg 200w\" sizes=\"auto, (max-width: 500px) 100vw, 500px\" \/><\/figure><\/div><\/div>\n\n\n\n<div class=\"wp-block-column is-layout-flow wp-block-column-is-layout-flow\" style=\"flex-basis:33.33%\">\n<p><strong>Bordkors <\/strong>&#8211; 2013 &amp; 2006<\/p>\n\n\n\n<p>14 x 4,5 x 4 cm<\/p>\n\n\n\n<p>Slipt og anl\u00f8pt st\u00e5l &amp;<\/p>\n\n\n\n<p>oljebrent st\u00e5l med innlagt s\u00f8lvtr\u00e5d<\/p>\n\n\n\n<p style=\"text-align:left;font-size:20px;\">\n<a href=\"?page_id=909&amp;lang=nn\" class=\"next\"><span>\u2190<\/span><\/a>\n&nbsp;&nbsp;&nbsp;&nbsp;&nbsp;&nbsp;\n<a href=\"?page_id=938&amp;lang=nn\" class=\"next\"><span>\u2192<\/span><\/a><\/p>\n<\/div>\n<\/div>\n\n\n\n<div style=\"height:40px\" aria-hidden=\"true\" class=\"wp-block-spacer\"><\/div>\n<\/span>","protected":false},"excerpt":{"rendered":"<p>Bordkors &#8211; 2013 &amp; 2006 14 x 4,5 x 4 cm Slipt og anl\u00f8pt st\u00e5l &amp; oljebrent st\u00e5l med innlagt s\u00f8lvtr\u00e5d \u2190 &nbsp;&nbsp;&nbsp;&nbsp;&nbsp;&nbsp; \u2192<\/p>\n","protected":false},"author":1,"featured_media":0,"parent":664,"menu_order":0,"comment_status":"closed","ping_status":"closed","template":"","meta":{"neve_meta_sidebar":"","neve_meta_container":"","neve_meta_enable_content_width":"","neve_meta_content_width":0,"neve_meta_title_alignment":"","neve_meta_author_avatar":"","neve_post_elements_order":"","neve_meta_disable_header":"","neve_meta_disable_footer":"","neve_meta_disable_title":"","footnotes":""},"class_list":["post-924","page","type-page","status-publish","hentry"],"_links":{"self":[{"href":"https:\/\/www.kjellgunnaroveroye.no\/index.php?rest_route=\/wp\/v2\/pages\/924","targetHints":{"allow":["GET"]}}],"collection":[{"href":"https:\/\/www.kjellgunnaroveroye.no\/index.php?rest_route=\/wp\/v2\/pages"}],"about":[{"href":"https:\/\/www.kjellgunnaroveroye.no\/index.php?rest_route=\/wp\/v2\/types\/page"}],"author":[{"embeddable":true,"href":"https:\/\/www.kjellgunnaroveroye.no\/index.php?rest_route=\/wp\/v2\/users\/1"}],"replies":[{"embeddable":true,"href":"https:\/\/www.kjellgunnaroveroye.no\/index.php?rest_route=%2Fwp%2Fv2%2Fcomments&post=924"}],"version-history":[{"count":13,"href":"https:\/\/www.kjellgunnaroveroye.no\/index.php?rest_route=\/wp\/v2\/pages\/924\/revisions"}],"predecessor-version":[{"id":4356,"href":"https:\/\/www.kjellgunnaroveroye.no\/index.php?rest_route=\/wp\/v2\/pages\/924\/revisions\/4356"}],"up":[{"embeddable":true,"href":"https:\/\/www.kjellgunnaroveroye.no\/index.php?rest_route=\/wp\/v2\/pages\/664"}],"wp:attachment":[{"href":"https:\/\/www.kjellgunnaroveroye.no\/index.php?rest_route=%2Fwp%2Fv2%2Fmedia&parent=924"}],"curies":[{"name":"wp","href":"https:\/\/api.w.org\/{rel}","templated":true}]}}